{"id":35,"date":"2023-04-11T20:02:54","date_gmt":"2023-04-11T20:02:54","guid":{"rendered":"https:\/\/podostudio.pl\/?page_id=35"},"modified":"2024-11-10T15:28:45","modified_gmt":"2024-11-10T15:28:45","slug":"o-mnie","status":"publish","type":"page","link":"https:\/\/podostudio.pl\/index.php\/o-mnie\/","title":{"rendered":"O mnie"},"content":{"rendered":"\n<h3 class=\"wp-block-heading has-text-align-left\" style=\"font-size:27px\"><strong>Specjalista ds. podologii mgr Justyna Kobiela<\/strong><\/h3>\n\n\n\n<div class=\"wp-block-columns is-layout-flex wp-container-core-columns-is-layout-9d6595d7 wp-block-columns-is-layout-flex\">\n<div class=\"wp-block-column is-layout-flow wp-block-column-is-layout-flow\">\n<figure class=\"wp-block-image size-full\"><img loading=\"lazy\" decoding=\"async\" width=\"1707\" height=\"2560\" src=\"https:\/\/podostudio.pl\/wp-content\/uploads\/2023\/05\/1N2A6758-1-scaled.jpg\" alt=\"\" class=\"wp-image-149\" srcset=\"https:\/\/podostudio.pl\/wp-content\/uploads\/2023\/05\/1N2A6758-1-scaled.jpg 1707w, https:\/\/podostudio.pl\/wp-content\/uploads\/2023\/05\/1N2A6758-1-200x300.jpg 200w, https:\/\/podostudio.pl\/wp-content\/uploads\/2023\/05\/1N2A6758-1-683x1024.jpg 683w, https:\/\/podostudio.pl\/wp-content\/uploads\/2023\/05\/1N2A6758-1-768x1152.jpg 768w, https:\/\/podostudio.pl\/wp-content\/uploads\/2023\/05\/1N2A6758-1-1024x1536.jpg 1024w, https:\/\/podostudio.pl\/wp-content\/uploads\/2023\/05\/1N2A6758-1-1365x2048.jpg 1365w, https:\/\/podostudio.pl\/wp-content\/uploads\/2023\/05\/1N2A6758-1-40x60.jpg 40w\" sizes=\"auto, (max-width: 1707px) 100vw, 1707px\" \/><\/figure>\n<\/div>\n\n\n\n<div class=\"wp-block-column is-layout-flow wp-block-column-is-layout-flow\">\n<p><\/p>\n\n\n\n<p style=\"font-size:26px\">Nazywam si\u0119 Justyna Kobiela, stworzy\u0142am i prowadz\u0119 PODOStudio, profesjonalny i przyjazny gabinet podologiczny w Cz\u0119stochowie.<\/p>\n\n\n\n<p style=\"font-size:26px\">Jestem absolwentk\u0105 \u015al\u0105skiej Wy\u017cszej Szko\u0142y Medycznej w Katowicach oraz Pa\u0144stwowej Medycznej Wy\u017cszej Szko\u0142y Zawodowej w Opolu. Uko\u0144czy\u0142am kierunek kosmetologia ze specjalno\u015bci\u0105 podologia, co otworzy\u0142o mi drzwi na t\u0119 szlachetn\u0105 dziedzin\u0119. W celu zapewnienia Pa\u0144stwu najlepszej opieki i najwy\u017cszej jako\u015bci us\u0142ug szkoli\u0142am si\u0119 u podolog\u00f3w w ca\u0142ej Polsce, swoj\u0105 wiedz\u0119 na bie\u017c\u0105co pog\u0142\u0119biam i aktualizuj\u0119. <\/p>\n\n\n\n<p style=\"font-size:26px\">Rodzaj zabiegu oraz metody terapeutyczne dobieram indywidualnie, w zale\u017cno\u015bci od potrzeb, og\u00f3lnego stanu zdrowia, stanu sk\u00f3ry i paznokci, jak r\u00f3wnie\u017c trybu \u017cycia moich klient\u00f3w. Holistyczne podej\u015bcie pozwala mi osi\u0105ga\u0107 najlepsze rezultaty. <\/p>\n<\/div>\n<\/div>\n\n\n\n<p style=\"font-size:26px\"><\/p>\n\n\n\n<figure class=\"wp-block-gallery has-nested-images columns-default is-cropped wp-block-gallery-1 is-layout-flex wp-block-gallery-is-layout-flex\">\n<figure class=\"wp-block-image size-large\"><img loading=\"lazy\" decoding=\"async\" width=\"683\" height=\"1024\" data-id=\"118\" src=\"https:\/\/podostudio.pl\/wp-content\/uploads\/2023\/05\/1N2A6603-683x1024.jpg\" alt=\"\" class=\"wp-image-118\" srcset=\"https:\/\/podostudio.pl\/wp-content\/uploads\/2023\/05\/1N2A6603-683x1024.jpg 683w, https:\/\/podostudio.pl\/wp-content\/uploads\/2023\/05\/1N2A6603-200x300.jpg 200w, https:\/\/podostudio.pl\/wp-content\/uploads\/2023\/05\/1N2A6603-768x1152.jpg 768w, https:\/\/podostudio.pl\/wp-content\/uploads\/2023\/05\/1N2A6603-1024x1536.jpg 1024w, https:\/\/podostudio.pl\/wp-content\/uploads\/2023\/05\/1N2A6603-1365x2048.jpg 1365w, https:\/\/podostudio.pl\/wp-content\/uploads\/2023\/05\/1N2A6603-40x60.jpg 40w, https:\/\/podostudio.pl\/wp-content\/uploads\/2023\/05\/1N2A6603-scaled.jpg 1707w\" sizes=\"auto, (max-width: 683px) 100vw, 683px\" \/><\/figure>\n\n\n\n<figure class=\"wp-block-image size-large\"><img loading=\"lazy\" decoding=\"async\" width=\"683\" height=\"1024\" data-id=\"119\" src=\"https:\/\/podostudio.pl\/wp-content\/uploads\/2023\/05\/1N2A6597-683x1024.jpg\" alt=\"\" class=\"wp-image-119\" srcset=\"https:\/\/podostudio.pl\/wp-content\/uploads\/2023\/05\/1N2A6597-683x1024.jpg 683w, https:\/\/podostudio.pl\/wp-content\/uploads\/2023\/05\/1N2A6597-200x300.jpg 200w, https:\/\/podostudio.pl\/wp-content\/uploads\/2023\/05\/1N2A6597-768x1152.jpg 768w, https:\/\/podostudio.pl\/wp-content\/uploads\/2023\/05\/1N2A6597-1024x1536.jpg 1024w, https:\/\/podostudio.pl\/wp-content\/uploads\/2023\/05\/1N2A6597-1365x2048.jpg 1365w, https:\/\/podostudio.pl\/wp-content\/uploads\/2023\/05\/1N2A6597-40x60.jpg 40w, https:\/\/podostudio.pl\/wp-content\/uploads\/2023\/05\/1N2A6597-scaled.jpg 1707w\" sizes=\"auto, (max-width: 683px) 100vw, 683px\" \/><\/figure>\n\n\n\n<figure class=\"wp-block-image size-large\"><img loading=\"lazy\" decoding=\"async\" width=\"683\" height=\"1024\" data-id=\"173\" src=\"https:\/\/podostudio.pl\/wp-content\/uploads\/2023\/05\/1N2A6608-1-683x1024.jpg\" alt=\"\" class=\"wp-image-173\" srcset=\"https:\/\/podostudio.pl\/wp-content\/uploads\/2023\/05\/1N2A6608-1-683x1024.jpg 683w, https:\/\/podostudio.pl\/wp-content\/uploads\/2023\/05\/1N2A6608-1-200x300.jpg 200w, https:\/\/podostudio.pl\/wp-content\/uploads\/2023\/05\/1N2A6608-1-768x1152.jpg 768w, https:\/\/podostudio.pl\/wp-content\/uploads\/2023\/05\/1N2A6608-1-1024x1536.jpg 1024w, https:\/\/podostudio.pl\/wp-content\/uploads\/2023\/05\/1N2A6608-1-1365x2048.jpg 1365w, https:\/\/podostudio.pl\/wp-content\/uploads\/2023\/05\/1N2A6608-1-40x60.jpg 40w, https:\/\/podostudio.pl\/wp-content\/uploads\/2023\/05\/1N2A6608-1-scaled.jpg 1707w\" sizes=\"auto, (max-width: 683px) 100vw, 683px\" \/><\/figure>\n\n\n\n<figure class=\"wp-block-image size-large\"><img loading=\"lazy\" decoding=\"async\" width=\"683\" height=\"1024\" data-id=\"113\" src=\"https:\/\/podostudio.pl\/wp-content\/uploads\/2023\/05\/1N2A6615-683x1024.jpg\" alt=\"\" class=\"wp-image-113\" srcset=\"https:\/\/podostudio.pl\/wp-content\/uploads\/2023\/05\/1N2A6615-683x1024.jpg 683w, https:\/\/podostudio.pl\/wp-content\/uploads\/2023\/05\/1N2A6615-200x300.jpg 200w, https:\/\/podostudio.pl\/wp-content\/uploads\/2023\/05\/1N2A6615-768x1152.jpg 768w, https:\/\/podostudio.pl\/wp-content\/uploads\/2023\/05\/1N2A6615-1024x1536.jpg 1024w, https:\/\/podostudio.pl\/wp-content\/uploads\/2023\/05\/1N2A6615-1365x2048.jpg 1365w, https:\/\/podostudio.pl\/wp-content\/uploads\/2023\/05\/1N2A6615-40x60.jpg 40w, https:\/\/podostudio.pl\/wp-content\/uploads\/2023\/05\/1N2A6615-scaled.jpg 1707w\" sizes=\"auto, (max-width: 683px) 100vw, 683px\" \/><\/figure>\n\n\n\n<figure class=\"wp-block-image size-large\"><img loading=\"lazy\" decoding=\"async\" width=\"683\" height=\"1024\" data-id=\"172\" src=\"https:\/\/podostudio.pl\/wp-content\/uploads\/2023\/05\/1N2A6649-1-683x1024.jpg\" alt=\"\" class=\"wp-image-172\" srcset=\"https:\/\/podostudio.pl\/wp-content\/uploads\/2023\/05\/1N2A6649-1-683x1024.jpg 683w, https:\/\/podostudio.pl\/wp-content\/uploads\/2023\/05\/1N2A6649-1-200x300.jpg 200w, https:\/\/podostudio.pl\/wp-content\/uploads\/2023\/05\/1N2A6649-1-768x1152.jpg 768w, https:\/\/podostudio.pl\/wp-content\/uploads\/2023\/05\/1N2A6649-1-scaled.jpg 1707w\" sizes=\"auto, (max-width: 683px) 100vw, 683px\" \/><\/figure>\n\n\n\n<figure class=\"wp-block-image size-large\"><img loading=\"lazy\" decoding=\"async\" width=\"683\" height=\"1024\" data-id=\"199\" src=\"https:\/\/podostudio.pl\/wp-content\/uploads\/2023\/05\/1N2A6546-1-683x1024.jpg\" alt=\"\" class=\"wp-image-199\" srcset=\"https:\/\/podostudio.pl\/wp-content\/uploads\/2023\/05\/1N2A6546-1-683x1024.jpg 683w, https:\/\/podostudio.pl\/wp-content\/uploads\/2023\/05\/1N2A6546-1-200x300.jpg 200w, https:\/\/podostudio.pl\/wp-content\/uploads\/2023\/05\/1N2A6546-1-768x1152.jpg 768w, https:\/\/podostudio.pl\/wp-content\/uploads\/2023\/05\/1N2A6546-1-1024x1536.jpg 1024w, https:\/\/podostudio.pl\/wp-content\/uploads\/2023\/05\/1N2A6546-1-1365x2048.jpg 1365w, https:\/\/podostudio.pl\/wp-content\/uploads\/2023\/05\/1N2A6546-1-40x60.jpg 40w, https:\/\/podostudio.pl\/wp-content\/uploads\/2023\/05\/1N2A6546-1-scaled.jpg 1706w\" sizes=\"auto, (max-width: 683px) 100vw, 683px\" \/><\/figure>\n<\/figure>\n","protected":false},"excerpt":{"rendered":"<p>Specjalista ds. podologii mgr Justyna Kobiela Nazywam si\u0119 Justyna Kobiela, stworzy\u0142am i prowadz\u0119 PODOStudio, profesjonalny i przyjazny gabinet podologiczny w Cz\u0119stochowie. Jestem absolwentk\u0105 \u015al\u0105skiej Wy\u017cszej Szko\u0142y Medycznej w Katowicach oraz &hellip; <\/p>\n","protected":false},"author":1,"featured_media":171,"parent":0,"menu_order":0,"comment_status":"closed","ping_status":"closed","template":"","meta":{"footnotes":""},"class_list":["post-35","page","type-page","status-publish","has-post-thumbnail","hentry"],"_links":{"self":[{"href":"https:\/\/podostudio.pl\/index.php\/wp-json\/wp\/v2\/pages\/35","targetHints":{"allow":["GET"]}}],"collection":[{"href":"https:\/\/podostudio.pl\/index.php\/wp-json\/wp\/v2\/pages"}],"about":[{"href":"https:\/\/podostudio.pl\/index.php\/wp-json\/wp\/v2\/types\/page"}],"author":[{"embeddable":true,"href":"https:\/\/podostudio.pl\/index.php\/wp-json\/wp\/v2\/users\/1"}],"replies":[{"embeddable":true,"href":"https:\/\/podostudio.pl\/index.php\/wp-json\/wp\/v2\/comments?post=35"}],"version-history":[{"count":23,"href":"https:\/\/podostudio.pl\/index.php\/wp-json\/wp\/v2\/pages\/35\/revisions"}],"predecessor-version":[{"id":587,"href":"https:\/\/podostudio.pl\/index.php\/wp-json\/wp\/v2\/pages\/35\/revisions\/587"}],"wp:featuredmedia":[{"embeddable":true,"href":"https:\/\/podostudio.pl\/index.php\/wp-json\/wp\/v2\/media\/171"}],"wp:attachment":[{"href":"https:\/\/podostudio.pl\/index.php\/wp-json\/wp\/v2\/media?parent=35"}],"curies":[{"name":"wp","href":"https:\/\/api.w.org\/{rel}","templated":true}]}}